{"id":2643,"date":"2022-01-01T12:47:24","date_gmt":"2022-01-01T11:47:24","guid":{"rendered":"https:\/\/www.centraltrasteros.com\/com-funcionen-els-trasters-i-mini-magatzems\/recinte-totalment-segur"},"modified":"2022-02-28T20:16:40","modified_gmt":"2022-02-28T19:16:40","slug":"recinte-totalment-segur","status":"publish","type":"page","link":"https:\/\/www.centraltrasteros.com\/ca\/com-funcionen-els-trasters-i-mini-magatzems\/recinte-totalment-segur","title":{"rendered":"Recinte totalment segur"},"content":{"rendered":"<div class=\"wp-block-columns alignwide are-vertically-aligned-center is-layout-flex wp-container-core-columns-is-layout-28f84493 wp-block-columns-is-layout-flex\">\n<div class=\"wp-block-column is-vertically-aligned-center is-layout-flow wp-block-column-is-layout-flow\" style=\"flex-basis:100%\">\n<div class=\"wp-block-columns is-layout-flex wp-container-core-columns-is-layout-28f84493 wp-block-columns-is-layout-flex\">\n<div class=\"wp-block-column no_builder is-layout-flow wp-block-column-is-layout-flow\" style=\"flex-basis:100%\">\n<div class=\"wp-block-columns is-layout-flex wp-container-core-columns-is-layout-28f84493 wp-block-columns-is-layout-flex\">\n<div class=\"wp-block-column is-layout-flow wp-block-column-is-layout-flow\">\n<h1 class=\"has-text-align-center wp-block-heading\" id=\"trasteros-y-mini-almacenes-100-seguros\"> Trasters i mini magatzems 100% segurs<\/h1>\n\n\n\n<div class=\"wp-block-columns is-layout-flex wp-container-core-columns-is-layout-28f84493 wp-block-columns-is-layout-flex\">\n<div class=\"wp-block-column is-layout-flow wp-block-column-is-layout-flow\" style=\"flex-basis:33.33%\">\n<figure class=\"wp-block-image\"><img decoding=\"async\" src=\"https:\/\/www.centraltrasteros.com\/wp-content\/uploads\/2022\/01\/d61d44254608dd06ccdd2ff02982d14d_2_M.jpg\" alt=\"Doble control de accesos con una contrase\u00f1a \u00fanica para cada cliente.\"\/><\/figure>\n\n\n\n<figure class=\"wp-block-image\"><img decoding=\"async\" src=\"https:\/\/www.centraltrasteros.com\/wp-content\/uploads\/2022\/01\/d61d44254608dd06ccdd2ff02982d14d_3_M.jpg\" alt=\"Tu self storage quedar\u00e1 cerrado con tu candado de \u00faltima generaci\u00f3n.\"\/><\/figure>\n\n\n\n<figure class=\"wp-block-image\"><img decoding=\"async\" src=\"https:\/\/www.centraltrasteros.com\/wp-content\/uploads\/2022\/01\/d61d44254608dd06ccdd2ff02982d14d_4_M.jpg\" alt=\"Central Trasteros est\u00e1 equipado con equipos de seguridad certificados y de \u00faltima generaci\u00f3n.\"\/><\/figure>\n\n\n\n<figure class=\"wp-block-image\"><img decoding=\"async\" src=\"https:\/\/www.centraltrasteros.com\/wp-content\/uploads\/2022\/01\/d61d44254608dd06ccdd2ff02982d14d_5_M.jpg\" alt=\"Nuestras instalaciones disponen de modernas instalaciones de prevenci\u00f3n, detecci\u00f3n y extinci\u00f3n de incendios.\"\/><\/figure>\n\n\n\n<figure class=\"wp-block-image\"><img decoding=\"async\" src=\"https:\/\/www.centraltrasteros.com\/wp-content\/uploads\/2022\/01\/d61d44254608dd06ccdd2ff02982d14d_6_M.jpg\" alt=\"Para acceder a tu mini almac\u00e9n, los pasillos son amplios y con la m\u00e1xima accesibilidad.\"\/><\/figure>\n\n\n\n<figure class=\"wp-block-image\"><img decoding=\"async\" src=\"https:\/\/www.centraltrasteros.com\/wp-content\/uploads\/2022\/01\/d61d44254608dd06ccdd2ff02982d14d_7_M.jpg\" alt=\"Tus trastos estar\u00e1n asegurados por una cobertura b\u00e1sica de seguro multirriesgo self storage.\"\/><\/figure>\n<\/div>\n\n\n\n<div class=\"wp-block-column is-layout-flow wp-block-column-is-layout-flow\" style=\"flex-basis:66.66%\">\n<h2 class=\"wp-block-heading\">Doble control d\u2019accessos &nbsp;&nbsp;&nbsp;<\/h2>\n\n\n\n<p>A Central Trasteros no nom\u00e9s volem que l&#8217;\u00fas del teu traster o mini magatzem sigui el m\u00e9s c\u00f2mode i senzill possible. Tamb\u00e9 volem que et sentis <strong>segur<\/strong> en tot moment. La teva seguretat i la de les teves coses s\u00f3n la nostra prioritat.<\/p>\n\n\n\n<p>Per aix\u00f2, entre altres mesures de seguretat, comptem amb <strong>doble control d&#8217;accessos<\/strong>: un primer per entrar al recinte des del carrer i un segon control per accedir a la zona d&#8217;emmagatzematge en qu\u00e8 es troba el teu traster o mini magatzem. Aquests equips de control d&#8217;accessos antivand\u00e0lics ens permeten controlar i gestionar correctament els usuaris que fan servir les instal\u00b7lacions de Central Trasteros.<\/p>\n\n\n\n<p>No entrar\u00e0 a Central Trasteros cap persona que no disposi d&#8217;aquesta clau d&#8217;acc\u00e9s \u00fanica, personal i intransferible. <strong>Pots estar tranquil.<\/strong><\/p>\n\n\n\n<p>A m\u00e9s, cada usuari disposa d&#8217;un <strong>cadenat de seguretat \u00fanic<\/strong> a la porta del traster o mini magatzem, que refor\u00e7a el control d&#8217;accessos al teu espai. Tret que ens deixis les teves claus en cust\u00f2dia, nom\u00e9s tu tindr\u00e0s les claus que obren aquest cadenat, dissenyat especialment per a aquest tipus d&#8217;instal\u00b7lacions.<\/p>\n\n\n\n<h2 class=\"wp-block-heading\">Moderns dispositius de vigil\u00e0ncia<\/h2>\n\n\n\n<p>Les nostres instal\u00b7lacions estan equipades amb <strong>equips de seguretat homologats i d&#8217;\u00faltima generaci\u00f3<\/strong>, que funcionen cont\u00ednuament les 24 hores del dia.<\/p>\n\n\n\n<p>Central Trasteros disposa d&#8217;un <strong>Circuit Tancat de Televisi\u00f3 (CCTV<\/strong>) amb c\u00e0meres de seguretat d&#8217;alta definici\u00f3 i gravador digital, que recullen en tot moment el que succeeix a l&#8217;interior de tot el recinte, tant de dia com de nit ja que estan dotades de sistema de visi\u00f3 nocturna IR, i realitza registres per a les oportunes verificacions.<\/p>\n\n\n\n<p>A m\u00e9s, tot el recinte compta amb un equip antisabotatge d&#8217;<strong>alarma<\/strong> de detecci\u00f3 d&#8217;intrusions homologat, que est\u00e0 connectat a <strong>Central Receptora d&#8217;Alarmes (CRA)<\/strong> i comunicada amb les for\u00e7es de seguretat.<\/p>\n\n\n\n<figure class=\"wp-block-image\"><a href=\"http:\/\/www.segur24.es\"><img decoding=\"async\" src=\"https:\/\/www.centraltrasteros.com\/wp-content\/uploads\/2022\/01\/sistemas-seguridad-alarmas-camaras-hogar-empresas-logo-segur24-2.png\" alt=\"\"\/><\/a><\/figure>\n\n\n\n<h2 class=\"wp-block-heading\">Instal\u00b7lacions contra incendis<\/h2>\n\n\n\n<p>A Central Trasteros <strong>complim amb tota l&#8217;estricta normativa vigent<\/strong> i d&#8217;aplicaci\u00f3 en mat\u00e8ria de protecci\u00f3 i les nostres instal\u00b7lacions disposen de moderns dispositius de prevenci\u00f3, detecci\u00f3 i extinci\u00f3 d&#8217;incendis.<\/p>\n\n\n\n<p>Les nostres instal\u00b7lacions es troben <strong>adequadament senyalitzades<\/strong> i es componen dels seg\u00fcents equips i elements: extintors, BIEs, detectors \u00f2ptics de fums, portes tallafocs, estructura del recinte ignifugada, central d&#8217;incendis connectada a CRA, coixins intumescents, etc.<\/p>\n\n\n\n<p>En definitiva, disposem de tots aquells equips necessaris i requerits per normativa, per vetllar per la teva integritat i la de les teves coses.<\/p>\n\n\n\n<p>Pots estar tranquil perqu\u00e8 el nostre centre d&#8217;auto-emmagatzematge \u00e9s una <strong>instal\u00b7laci\u00f3 certificada<\/strong> pels organismes i autoritats competents.<\/p>\n\n\n\n<p>La millor protecci\u00f3&#8230; protecci\u00f3 certificada!<\/p>\n\n\n\n<h2 class=\"wp-block-heading\">Cobertura d&#8217;asseguran\u00e7a multirisc<\/h2>\n\n\n\n<p>Si decideixes contractar un traster o mini magatzem amb Central Trasteros, tindr\u00e0s inclosa una cobertura b\u00e0sica <strong>d&#8217;asseguran\u00e7a multirisc<\/strong> per als materials dipositats en el teu espai. L\u2019import de la cobertura varia en funci\u00f3 de la mida del m\u00f2dul contractat.<\/p>\n\n\n\n<p>Tot i les mesures i equips de seguretat d&#8217;\u00faltima generaci\u00f3 instal\u00b7lats en el nostre recinte, volem que estiguis encara m\u00e9s tranquil quan deixes les teves coses a Central Trasteros i per aix\u00f2 hem incl\u00f2s aquesta cobertura b\u00e0sica.<\/p>\n\n\n\n<p>La seguretat de les teves coses i la teva <strong>tranquil\u00b7litat<\/strong> s\u00f3n el primer per a nosaltres!<\/p>\n<\/div>\n<\/div>\n<\/div>\n<\/div>\n<\/div>\n<\/div>\n<\/div>\n<\/div>\n\n<!--themify_builder_content-->\n<div id=\"themify_builder_content-2643\" data-postid=\"2643\" class=\"themify_builder_content themify_builder_content-2643 themify_builder tf_clear\">\n    <\/div>\n<!--\/themify_builder_content-->","protected":false},"excerpt":{"rendered":"<p>Trasters i mini magatzems 100% segurs Doble control d\u2019accessos &nbsp;&nbsp;&nbsp; A Central Trasteros no nom\u00e9s volem que l&#8217;\u00fas del teu traster o mini magatzem sigui el m\u00e9s c\u00f2mode i senzill possible. Tamb\u00e9 volem que et sentis segur en tot moment. La teva seguretat i la de les teves coses s\u00f3n la nostra prioritat. Per aix\u00f2, [&hellip;]<\/p>\n","protected":false},"author":1,"featured_media":0,"parent":2605,"menu_order":4,"comment_status":"closed","ping_status":"closed","template":"","meta":{"_acf_changed":false,"footnotes":""},"class_list":["post-2643","page","type-page","status-publish","hentry","has-post-title","has-post-date","has-post-category","has-post-tag","has-post-comment","has-post-author",""],"acf":[],"yoast_head":"<!-- This site is optimized with the Yoast SEO plugin v27.3 - https:\/\/yoast.com\/product\/yoast-seo-wordpress\/ -->\n<title>Trasters i mini magatzems segurs a Barcelona amb Central Trasteros<\/title>\n<meta name=\"description\" content=\"Trasters i mini magatzems ofereixen als clients una experi\u00e8ncia segura, gr\u00e0cies als \u00faltims aven\u00e7os en seguretat i prevenci\u00f3 d&#039;incendis.\" \/>\n<meta name=\"robots\" content=\"index, follow, max-snippet:-1, max-image-preview:large, max-video-preview:-1\" \/>\n<link rel=\"canonical\" href=\"https:\/\/www.centraltrasteros.com\/ca\/com-funcionen-els-trasters-i-mini-magatzems\/recinte-totalment-segur\" \/>\n<meta property=\"og:locale\" content=\"ca_ES\" \/>\n<meta property=\"og:type\" content=\"article\" \/>\n<meta property=\"og:title\" content=\"Trasters i mini magatzems segurs a Barcelona amb Central Trasteros\" \/>\n<meta property=\"og:description\" content=\"Trasters i mini magatzems ofereixen als clients una experi\u00e8ncia segura, gr\u00e0cies als \u00faltims aven\u00e7os en seguretat i prevenci\u00f3 d&#039;incendis.\" \/>\n<meta property=\"og:url\" content=\"https:\/\/www.centraltrasteros.com\/ca\/com-funcionen-els-trasters-i-mini-magatzems\/recinte-totalment-segur\" \/>\n<meta property=\"og:site_name\" content=\"Central Trasteros\" \/>\n<meta property=\"article:modified_time\" content=\"2022-02-28T19:16:40+00:00\" \/>\n<meta property=\"og:image\" content=\"https:\/\/www.centraltrasteros.com\/wp-content\/uploads\/2022\/01\/d61d44254608dd06ccdd2ff02982d14d_2_M.jpg\" \/>\n<meta name=\"twitter:card\" content=\"summary_large_image\" \/>\n<meta name=\"twitter:label1\" content=\"Temps estimat de lectura\" \/>\n\t<meta name=\"twitter:data1\" content=\"4 minuts\" \/>\n<script type=\"application\/ld+json\" class=\"yoast-schema-graph\">{\"@context\":\"https:\\\/\\\/schema.org\",\"@graph\":[{\"@type\":\"WebPage\",\"@id\":\"https:\\\/\\\/www.centraltrasteros.com\\\/ca\\\/com-funcionen-els-trasters-i-mini-magatzems\\\/recinte-totalment-segur\",\"url\":\"https:\\\/\\\/www.centraltrasteros.com\\\/ca\\\/com-funcionen-els-trasters-i-mini-magatzems\\\/recinte-totalment-segur\",\"name\":\"Trasters i mini magatzems segurs a Barcelona amb Central Trasteros\",\"isPartOf\":{\"@id\":\"https:\\\/\\\/www.centraltrasteros.com\\\/ca#website\"},\"primaryImageOfPage\":{\"@id\":\"https:\\\/\\\/www.centraltrasteros.com\\\/ca\\\/com-funcionen-els-trasters-i-mini-magatzems\\\/recinte-totalment-segur#primaryimage\"},\"image\":{\"@id\":\"https:\\\/\\\/www.centraltrasteros.com\\\/ca\\\/com-funcionen-els-trasters-i-mini-magatzems\\\/recinte-totalment-segur#primaryimage\"},\"thumbnailUrl\":\"https:\\\/\\\/www.centraltrasteros.com\\\/wp-content\\\/uploads\\\/2022\\\/01\\\/d61d44254608dd06ccdd2ff02982d14d_2_M.jpg\",\"datePublished\":\"2022-01-01T11:47:24+00:00\",\"dateModified\":\"2022-02-28T19:16:40+00:00\",\"description\":\"Trasters i mini magatzems ofereixen als clients una experi\u00e8ncia segura, gr\u00e0cies als \u00faltims aven\u00e7os en seguretat i prevenci\u00f3 d'incendis.\",\"breadcrumb\":{\"@id\":\"https:\\\/\\\/www.centraltrasteros.com\\\/ca\\\/com-funcionen-els-trasters-i-mini-magatzems\\\/recinte-totalment-segur#breadcrumb\"},\"inLanguage\":\"ca\",\"potentialAction\":[{\"@type\":\"ReadAction\",\"target\":[\"https:\\\/\\\/www.centraltrasteros.com\\\/ca\\\/com-funcionen-els-trasters-i-mini-magatzems\\\/recinte-totalment-segur\"]}]},{\"@type\":\"ImageObject\",\"inLanguage\":\"ca\",\"@id\":\"https:\\\/\\\/www.centraltrasteros.com\\\/ca\\\/com-funcionen-els-trasters-i-mini-magatzems\\\/recinte-totalment-segur#primaryimage\",\"url\":\"https:\\\/\\\/www.centraltrasteros.com\\\/wp-content\\\/uploads\\\/2022\\\/01\\\/d61d44254608dd06ccdd2ff02982d14d_2_M.jpg\",\"contentUrl\":\"https:\\\/\\\/www.centraltrasteros.com\\\/wp-content\\\/uploads\\\/2022\\\/01\\\/d61d44254608dd06ccdd2ff02982d14d_2_M.jpg\"},{\"@type\":\"BreadcrumbList\",\"@id\":\"https:\\\/\\\/www.centraltrasteros.com\\\/ca\\\/com-funcionen-els-trasters-i-mini-magatzems\\\/recinte-totalment-segur#breadcrumb\",\"itemListElement\":[{\"@type\":\"ListItem\",\"position\":1,\"name\":\"Portada\",\"item\":\"https:\\\/\\\/www.centraltrasteros.com\\\/ca\"},{\"@type\":\"ListItem\",\"position\":2,\"name\":\"Com funcionen els trasters i mini magatzems?\",\"item\":\"https:\\\/\\\/www.centraltrasteros.com\\\/ca\\\/com-funcionen-els-trasters-i-mini-magatzems\"},{\"@type\":\"ListItem\",\"position\":3,\"name\":\"Recinte totalment segur\"}]},{\"@type\":\"WebSite\",\"@id\":\"https:\\\/\\\/www.centraltrasteros.com\\\/ca#website\",\"url\":\"https:\\\/\\\/www.centraltrasteros.com\\\/ca\",\"name\":\"Central Trasteros\",\"description\":\"Central Trasteros te ofrece alquiler trasteros y mini almacenes econ\u00f3micos y baratos en el centro de Barcelona con todas las medidas de seguridad.\",\"publisher\":{\"@id\":\"https:\\\/\\\/www.centraltrasteros.com\\\/ca#organization\"},\"potentialAction\":[{\"@type\":\"SearchAction\",\"target\":{\"@type\":\"EntryPoint\",\"urlTemplate\":\"https:\\\/\\\/www.centraltrasteros.com\\\/ca?s={search_term_string}\"},\"query-input\":{\"@type\":\"PropertyValueSpecification\",\"valueRequired\":true,\"valueName\":\"search_term_string\"}}],\"inLanguage\":\"ca\"},{\"@type\":\"Organization\",\"@id\":\"https:\\\/\\\/www.centraltrasteros.com\\\/ca#organization\",\"name\":\"Central Trasteros\",\"url\":\"https:\\\/\\\/www.centraltrasteros.com\\\/ca\",\"logo\":{\"@type\":\"ImageObject\",\"inLanguage\":\"ca\",\"@id\":\"https:\\\/\\\/www.centraltrasteros.com\\\/ca#\\\/schema\\\/logo\\\/image\\\/\",\"url\":\"https:\\\/\\\/www.centraltrasteros.com\\\/wp-content\\\/uploads\\\/2021\\\/12\\\/logo-central-trasteros-redes.png\",\"contentUrl\":\"https:\\\/\\\/www.centraltrasteros.com\\\/wp-content\\\/uploads\\\/2021\\\/12\\\/logo-central-trasteros-redes.png\",\"width\":1080,\"height\":1080,\"caption\":\"Central Trasteros\"},\"image\":{\"@id\":\"https:\\\/\\\/www.centraltrasteros.com\\\/ca#\\\/schema\\\/logo\\\/image\\\/\"}}]}<\/script>\n<!-- \/ Yoast SEO plugin. -->","yoast_head_json":{"title":"Trasters i mini magatzems segurs a Barcelona amb Central Trasteros","description":"Trasters i mini magatzems ofereixen als clients una experi\u00e8ncia segura, gr\u00e0cies als \u00faltims aven\u00e7os en seguretat i prevenci\u00f3 d'incendis.","robots":{"index":"index","follow":"follow","max-snippet":"max-snippet:-1","max-image-preview":"max-image-preview:large","max-video-preview":"max-video-preview:-1"},"canonical":"https:\/\/www.centraltrasteros.com\/ca\/com-funcionen-els-trasters-i-mini-magatzems\/recinte-totalment-segur","og_locale":"ca_ES","og_type":"article","og_title":"Trasters i mini magatzems segurs a Barcelona amb Central Trasteros","og_description":"Trasters i mini magatzems ofereixen als clients una experi\u00e8ncia segura, gr\u00e0cies als \u00faltims aven\u00e7os en seguretat i prevenci\u00f3 d'incendis.","og_url":"https:\/\/www.centraltrasteros.com\/ca\/com-funcionen-els-trasters-i-mini-magatzems\/recinte-totalment-segur","og_site_name":"Central Trasteros","article_modified_time":"2022-02-28T19:16:40+00:00","og_image":[{"url":"https:\/\/www.centraltrasteros.com\/wp-content\/uploads\/2022\/01\/d61d44254608dd06ccdd2ff02982d14d_2_M.jpg","type":"","width":"","height":""}],"twitter_card":"summary_large_image","twitter_misc":{"Temps estimat de lectura":"4 minuts"},"schema":{"@context":"https:\/\/schema.org","@graph":[{"@type":"WebPage","@id":"https:\/\/www.centraltrasteros.com\/ca\/com-funcionen-els-trasters-i-mini-magatzems\/recinte-totalment-segur","url":"https:\/\/www.centraltrasteros.com\/ca\/com-funcionen-els-trasters-i-mini-magatzems\/recinte-totalment-segur","name":"Trasters i mini magatzems segurs a Barcelona amb Central Trasteros","isPartOf":{"@id":"https:\/\/www.centraltrasteros.com\/ca#website"},"primaryImageOfPage":{"@id":"https:\/\/www.centraltrasteros.com\/ca\/com-funcionen-els-trasters-i-mini-magatzems\/recinte-totalment-segur#primaryimage"},"image":{"@id":"https:\/\/www.centraltrasteros.com\/ca\/com-funcionen-els-trasters-i-mini-magatzems\/recinte-totalment-segur#primaryimage"},"thumbnailUrl":"https:\/\/www.centraltrasteros.com\/wp-content\/uploads\/2022\/01\/d61d44254608dd06ccdd2ff02982d14d_2_M.jpg","datePublished":"2022-01-01T11:47:24+00:00","dateModified":"2022-02-28T19:16:40+00:00","description":"Trasters i mini magatzems ofereixen als clients una experi\u00e8ncia segura, gr\u00e0cies als \u00faltims aven\u00e7os en seguretat i prevenci\u00f3 d'incendis.","breadcrumb":{"@id":"https:\/\/www.centraltrasteros.com\/ca\/com-funcionen-els-trasters-i-mini-magatzems\/recinte-totalment-segur#breadcrumb"},"inLanguage":"ca","potentialAction":[{"@type":"ReadAction","target":["https:\/\/www.centraltrasteros.com\/ca\/com-funcionen-els-trasters-i-mini-magatzems\/recinte-totalment-segur"]}]},{"@type":"ImageObject","inLanguage":"ca","@id":"https:\/\/www.centraltrasteros.com\/ca\/com-funcionen-els-trasters-i-mini-magatzems\/recinte-totalment-segur#primaryimage","url":"https:\/\/www.centraltrasteros.com\/wp-content\/uploads\/2022\/01\/d61d44254608dd06ccdd2ff02982d14d_2_M.jpg","contentUrl":"https:\/\/www.centraltrasteros.com\/wp-content\/uploads\/2022\/01\/d61d44254608dd06ccdd2ff02982d14d_2_M.jpg"},{"@type":"BreadcrumbList","@id":"https:\/\/www.centraltrasteros.com\/ca\/com-funcionen-els-trasters-i-mini-magatzems\/recinte-totalment-segur#breadcrumb","itemListElement":[{"@type":"ListItem","position":1,"name":"Portada","item":"https:\/\/www.centraltrasteros.com\/ca"},{"@type":"ListItem","position":2,"name":"Com funcionen els trasters i mini magatzems?","item":"https:\/\/www.centraltrasteros.com\/ca\/com-funcionen-els-trasters-i-mini-magatzems"},{"@type":"ListItem","position":3,"name":"Recinte totalment segur"}]},{"@type":"WebSite","@id":"https:\/\/www.centraltrasteros.com\/ca#website","url":"https:\/\/www.centraltrasteros.com\/ca","name":"Central Trasteros","description":"Central Trasteros te ofrece alquiler trasteros y mini almacenes econ\u00f3micos y baratos en el centro de Barcelona con todas las medidas de seguridad.","publisher":{"@id":"https:\/\/www.centraltrasteros.com\/ca#organization"},"potentialAction":[{"@type":"SearchAction","target":{"@type":"EntryPoint","urlTemplate":"https:\/\/www.centraltrasteros.com\/ca?s={search_term_string}"},"query-input":{"@type":"PropertyValueSpecification","valueRequired":true,"valueName":"search_term_string"}}],"inLanguage":"ca"},{"@type":"Organization","@id":"https:\/\/www.centraltrasteros.com\/ca#organization","name":"Central Trasteros","url":"https:\/\/www.centraltrasteros.com\/ca","logo":{"@type":"ImageObject","inLanguage":"ca","@id":"https:\/\/www.centraltrasteros.com\/ca#\/schema\/logo\/image\/","url":"https:\/\/www.centraltrasteros.com\/wp-content\/uploads\/2021\/12\/logo-central-trasteros-redes.png","contentUrl":"https:\/\/www.centraltrasteros.com\/wp-content\/uploads\/2021\/12\/logo-central-trasteros-redes.png","width":1080,"height":1080,"caption":"Central Trasteros"},"image":{"@id":"https:\/\/www.centraltrasteros.com\/ca#\/schema\/logo\/image\/"}}]}},"builder_content":"","_links":{"self":[{"href":"https:\/\/www.centraltrasteros.com\/ca\/wp-json\/wp\/v2\/pages\/2643","targetHints":{"allow":["GET"]}}],"collection":[{"href":"https:\/\/www.centraltrasteros.com\/ca\/wp-json\/wp\/v2\/pages"}],"about":[{"href":"https:\/\/www.centraltrasteros.com\/ca\/wp-json\/wp\/v2\/types\/page"}],"author":[{"embeddable":true,"href":"https:\/\/www.centraltrasteros.com\/ca\/wp-json\/wp\/v2\/users\/1"}],"replies":[{"embeddable":true,"href":"https:\/\/www.centraltrasteros.com\/ca\/wp-json\/wp\/v2\/comments?post=2643"}],"version-history":[{"count":0,"href":"https:\/\/www.centraltrasteros.com\/ca\/wp-json\/wp\/v2\/pages\/2643\/revisions"}],"up":[{"embeddable":true,"href":"https:\/\/www.centraltrasteros.com\/ca\/wp-json\/wp\/v2\/pages\/2605"}],"wp:attachment":[{"href":"https:\/\/www.centraltrasteros.com\/ca\/wp-json\/wp\/v2\/media?parent=2643"}],"curies":[{"name":"wp","href":"https:\/\/api.w.org\/{rel}","templated":true}]}}